{"id":7672,"date":"2018-01-07T12:02:03","date_gmt":"2018-01-07T10:02:03","guid":{"rendered":"http:\/\/31.217.192.134\/~autoverk\/?page_id=7672"},"modified":"2018-09-11T15:39:42","modified_gmt":"2018-09-11T12:39:42","slug":"korjaamon-yhteydenotto-ja-tarjouspyyntolomake","status":"publish","type":"page","link":"http:\/\/31.217.192.134\/~autoverk\/korjaamon-yhteydenotto-ja-tarjouspyyntolomake\/","title":{"rendered":"Korjaamon yhteydenotto- ja tarjouspyynt\u00f6lomake"},"content":{"rendered":"<p>[vc_row][vc_column offset=&#8221;vc_hidden-md vc_hidden-sm vc_hidden-xs&#8221;]\t<div id=\"cd_space_69f1fcace9615\" class=\"cd-space cd-space-69f1fcace9645\" data-id=\"69f1fcace9614\" data-tablet=\"50\" data-tablet-portrait=\"50\" data-mobile=\"50\" data-mobile-portrait=\"40\" data-desktop=\"50\" style=\"clear:both; display:block;\"><\/div>\n\t[\/vc_column][\/vc_row][vc_row][vc_column offset=&#8221;vc_hidden-lg&#8221;]\t<div id=\"cd_space_69f1fcace968b\" class=\"cd-space cd-space-69f1fcace9690\" data-id=\"69f1fcace968a\" data-tablet=\"50\" data-tablet-portrait=\"50\" data-mobile=\"50\" data-mobile-portrait=\"40\" data-desktop=\"50\" style=\"clear:both; display:block;\"><\/div>\n\t[vc_column_text]<\/p>\n<h6>L\u00e4het\u00e4 tietosi meille lomakkeella, olemme sinuun yhteydess\u00e4 piakkoin!<\/h6>\n<p>[\/vc_column_text]\t<div id=\"cd_space_69f1fcace96ae\" class=\"cd-space cd-space-69f1fcace96b0\" data-id=\"69f1fcace96ad\" data-tablet=\"50\" data-tablet-portrait=\"50\" data-mobile=\"50\" data-mobile-portrait=\"40\" data-desktop=\"50\" style=\"clear:both; display:block;\"><\/div>\n\t[\/vc_column][\/vc_row][vc_row][vc_column][vc_row_inner][vc_column_inner css=&#8221;.vc_custom_1486988381236{margin-bottom: 30px !important;}&#8221; offset=&#8221;vc_col-lg-8 vc_col-md-6&#8243;]<!-- WPForms: no fields, form hidden -->[\/vc_column_inner][\/vc_row_inner]\t<div id=\"cd_space_69f1fcace9a2f\" class=\"cd-space cd-space-69f1fcace9a35\" data-id=\"69f1fcace9a2e\" data-tablet=\"50\" data-tablet-portrait=\"40\" data-mobile=\"30\" data-mobile-portrait=\"20\" data-desktop=\"60\" style=\"clear:both; display:block;\"><\/div>\n\t\t<div id=\"cd_space_69f1fcace9a54\" class=\"cd-space cd-space-69f1fcace9a56\" data-id=\"69f1fcace9a53\" data-tablet=\"50\" data-tablet-portrait=\"50\" data-mobile=\"50\" data-mobile-portrait=\"40\" data-desktop=\"50\" style=\"clear:both; display:block;\"><\/div>\n\t[\/vc_column][\/vc_row]<\/p>\n","protected":false},"excerpt":{"rendered":"<p>[vc_row][vc_column offset=&#8221;vc_hidden-md vc_hidden-sm vc_hidden-xs&#8221;][\/vc_column][\/vc_row][vc_row][vc_column offset=&#8221;vc_hidden-lg&#8221;][vc_column_text] L\u00e4het\u00e4 tietosi meille lomakkeella, olemme sinuun yhteydess\u00e4 piakkoin! [\/vc_column_text][\/vc_column][\/vc_row][vc_row][vc_column][vc_row_inner][vc_column_inner css=&#8221;.vc_custom_1486988381236{margin-bottom: 30px !important;}&#8221; offset=&#8221;vc_col-lg-8 vc_col-md-6&#8243;][\/vc_column_inner][\/vc_row_inner][\/vc_column][\/vc_row]<\/p>\n","protected":false},"author":1,"featured_media":0,"parent":0,"menu_order":0,"comment_status":"closed","ping_status":"closed","template":"templates\/page-vc_compatible.php","meta":{"_bbp_topic_count":0,"_bbp_reply_count":0,"_bbp_total_topic_count":0,"_bbp_total_reply_count":0,"_bbp_voice_count":0,"_bbp_anonymous_reply_count":0,"_bbp_topic_count_hidden":0,"_bbp_reply_count_hidden":0,"_bbp_forum_subforum_count":0,"footnotes":""},"yst_prominent_words":[],"class_list":["post-7672","page","type-page","status-publish","hentry"],"_links":{"self":[{"href":"http:\/\/31.217.192.134\/~autoverk\/wp-json\/wp\/v2\/pages\/7672","targetHints":{"allow":["GET"]}}],"collection":[{"href":"http:\/\/31.217.192.134\/~autoverk\/wp-json\/wp\/v2\/pages"}],"about":[{"href":"http:\/\/31.217.192.134\/~autoverk\/wp-json\/wp\/v2\/types\/page"}],"author":[{"embeddable":true,"href":"http:\/\/31.217.192.134\/~autoverk\/wp-json\/wp\/v2\/users\/1"}],"replies":[{"embeddable":true,"href":"http:\/\/31.217.192.134\/~autoverk\/wp-json\/wp\/v2\/comments?post=7672"}],"version-history":[{"count":8,"href":"http:\/\/31.217.192.134\/~autoverk\/wp-json\/wp\/v2\/pages\/7672\/revisions"}],"predecessor-version":[{"id":8167,"href":"http:\/\/31.217.192.134\/~autoverk\/wp-json\/wp\/v2\/pages\/7672\/revisions\/8167"}],"wp:attachment":[{"href":"http:\/\/31.217.192.134\/~autoverk\/wp-json\/wp\/v2\/media?parent=7672"}],"wp:term":[{"taxonomy":"yst_prominent_words","embeddable":true,"href":"http:\/\/31.217.192.134\/~autoverk\/wp-json\/wp\/v2\/yst_prominent_words?post=7672"}],"curies":[{"name":"wp","href":"https:\/\/api.w.org\/{rel}","templated":true}]}}