{"id":8537,"date":"2021-01-04T20:50:49","date_gmt":"2021-01-04T18:50:49","guid":{"rendered":"http:\/\/31.217.192.134\/~autoverk\/?page_id=8537"},"modified":"2021-01-04T20:50:49","modified_gmt":"2021-01-04T18:50:49","slug":"tietosuojaseloste","status":"publish","type":"page","link":"http:\/\/31.217.192.134\/~autoverk\/tietosuojaseloste\/","title":{"rendered":"Tietosuojaseloste"},"content":{"rendered":"<p>[vc_row][vc_column][vc_column_text]<\/p>\n<section data-id=\"15c478b\" data-element_type=\"section\">\n<div>\n<div>\n<div data-id=\"b707f6e\" data-element_type=\"column\">\n<div>\n<div>\n<div data-id=\"3929db3\" data-element_type=\"widget\" data-widget_type=\"text-editor.default\">\n<div>\n<div>\n<p>1. Rekisterin pit\u00e4j\u00e4<\/p>\n<p>Yritys valvoo antamiasi tietoja ja on vastuussa henkil\u00f6tiedoista tietosuojalain mukaisesti.<br \/>\nYrityksen tiedot: Autoverkko.com Oy ja Autoverkko.com Korjaamo Oy (My\u00f6hemmin Autoverkko). Avainkierto 2, 05840 Hyvink\u00e4\u00e4.<\/p>\n<p>2. Rekisteriasioista vastaava henkil\u00f6 ja\/tai yhteyshenkil\u00f6<br \/>\nJanne Veikkanen<\/p>\n<p>3. Rekisterin nimi:<br \/>\nAsiakasrekisteri<\/p>\n<p>4. Oikeusperuste ja henkil\u00f6tietojen k\u00e4sittelyn tarkoitus<br \/>\nEU:n yleisen tietosuoja-asetuksen mukainen oikeusperuste henkil\u00f6tietojen k\u00e4sittelylle on sopimuksen tuottaminen tai lakis\u00e4\u00e4teinen velvoite. Henkil\u00f6n erillisell\u00e4, yksil\u00f6llisell\u00e4 ja tietoisella suostumuksella henkil\u00f6tietojen tallentaminen ja k\u00e4sittely voi tapahtua edell\u00e4 mainittuja oikeusperusteita pidemm\u00e4ksi aikaa.<\/p>\n<p>Henkil\u00f6tietojen k\u00e4sittelyn tarkoituksena asiakasrekisteriss\u00e4mme on tarjouksen, sopimuksen ja sen toteuttamisen sek\u00e4 takuu- ja palautusk\u00e4sittelyn mahdollistaminen.<\/p>\n<p>Jatkettaessa asiakkaan suostumuksella asiakkaan tietojen s\u00e4ilytt\u00e4mist\u00e4 ja k\u00e4sittely\u00e4 tarkoituksena on asiakassuhteen yll\u00e4pito, yhteydenpito asiakkaaseen ja markkinointi.<\/p>\n<p>Tietoja ei k\u00e4ytet\u00e4 automatisoituun p\u00e4\u00e4t\u00f6ksentekoon tai profilointiin.<\/p>\n<p>5.Mit\u00e4 tietoja ker\u00e4\u00e4mme?<br \/>\nKer\u00e4\u00e4mme seuraavia henkil\u00f6tietoja:<br \/>\nNimi<br \/>\nPuhelinnumero<br \/>\nS\u00e4hk\u00f6postiosoite<br \/>\nRekisterinumero<\/p>\n<p>6. S\u00e4\u00e4nn\u00f6nmukaiset tietol\u00e4hteet<br \/>\nRekisteriin tallennettavat tiedot saadaan asiakkaalta rekister\u00f6itymisen tai tilauksen yhteydess\u00e4, lomakkeilla l\u00e4hetetyist\u00e4 viesteist\u00e4, s\u00e4hk\u00f6postitse tai puhelimitse.<\/p>\n<p>7. Tietojen s\u00e4\u00e4nn\u00f6nmukaiset luovutukset ja tietojen siirto EU:n tai ETA:n ulkopuolelle<\/p>\n<p>Tietoja ei luovuteta s\u00e4\u00e4nn\u00f6nmukaisesti muille tahoille, ellei se ole Autoverkon tai sen yhteisty\u00f6kumppanin teknisen toteutuksen varmistamiseksi tarpeellista. Tietoja ei luovuteta EU-eik\u00e4 ETA-alueen ulkopuolelle. Voimassa olevan lains\u00e4\u00e4d\u00e4nn\u00f6n edellytt\u00e4min tavoin tietoja voidaan luovuttaa viranomaisille.<\/p>\n<p>8. Rekisterin suojauksen periaatteet<br \/>\nRekisterin k\u00e4sittelyss\u00e4 noudatetaan huolellisuutta ja tietoj\u00e4rjestelmien avulla k\u00e4sitelt\u00e4v\u00e4t tiedot suojataan asianmukaisesti. Rekisteritietoja s\u00e4ilytet\u00e4\u00e4n Internet-palvelimilla. Laitteiston fyysisest\u00e4 ja digitaalisesta tietoturvasta huolehditaan asianmukaisesti.<\/p>\n<p>Rekisterinpit\u00e4j\u00e4 huolehtii siit\u00e4, ett\u00e4 tallennettuja tietoja sek\u00e4 palvelimien k\u00e4ytt\u00f6oikeuksia ja muita henkil\u00f6tietojen turvallisuuden kannalta kriittisi\u00e4 tietoja k\u00e4sitell\u00e4\u00e4n luottamuksellisesti ja vain niiden ty\u00f6ntekij\u00f6iden toimesta, joiden ty\u00f6nkuvaan se kuuluu.<\/p>\n<p>9. Asiakkaan oikeudet:<br \/>\nSinulla on oikeus saada kopio omista henkil\u00f6tiedoistasi, pyyt\u00e4\u00e4 virheellisten henkil\u00f6tietojen oikaisua sek\u00e4 puutteellisten henkil\u00f6tietojen t\u00e4ydennyst\u00e4. Sinulla on my\u00f6skin oikeus pyyt\u00e4\u00e4 meit\u00e4 poistamaan sinua koskevat henkil\u00f6tiedot, ellei niiden s\u00e4ilytys ole v\u00e4ltt\u00e4m\u00e4t\u00f6nt\u00e4 esimerkiksi kirjanpitolain mukaan. Sinulla on my\u00f6s oikeus kielt\u00e4\u00e4 suoramarkkinointi l\u00e4hett\u00e4m\u00e4ll\u00e4 meille s\u00e4hk\u00f6postia osoitteeseen: korjaamo(at)autoverkko.com<\/p>\n<p>Sinulla on my\u00f6s oikeus pyyt\u00e4\u00e4, ett\u00e4 rajoitamme henkil\u00f6tietojen k\u00e4sittely\u00e4 seuraavien tilanteiden aikana:<br \/>\n\u25cf K\u00e4sittelyperusteen varmennuksen aikana<br \/>\n\u25cf Virheellisten henkil\u00f6tietojen korjaamisen ja niiden oikeellisuuden tarkastuksen aikana<\/p>\n<p>Sinulla on my\u00f6skin oikeus tehd\u00e4 valitus henkil\u00f6tietojen k\u00e4sittelyst\u00e4, jos niit\u00e4 k\u00e4sitell\u00e4\u00e4n mielest\u00e4si v\u00e4\u00e4rin. Voit my\u00f6s pyyt\u00e4\u00e4 meilt\u00e4 kopiot henkil\u00f6tiedoista, joita olemme ker\u00e4nneet. Toimitamme henkil\u00f6tietojen kopiot asiakkaan antamaan osoitteeseen. Asiakkaan henkil\u00f6tietojen varmistamiseksi tietojen luovutusta varten kirjallinen pyynt\u00f6 ja materiaalin toimittaminen postitse on p\u00e4\u00e4s\u00e4\u00e4nt\u00f6isesti tarpeen.<\/p>\n<p>10. Tietoturva<br \/>\nVerkkosivustomme on rakennettu tietoturvalliseksi. K\u00e4yt\u00e4mme suojattua SSL-yhteytt\u00e4 ja palomuureja. Sivustolle suoritetaan s\u00e4\u00e4nn\u00f6lliset p\u00e4ivitykset, mik\u00e4 vahvistaa sivuston tietoturvaa.<\/p>\n<p>11. Ev\u00e4steet<\/p>\n<p>Sivustollamme on ev\u00e4steit\u00e4, jotka ker\u00e4\u00e4v\u00e4t tietoa verkkosivustomme k\u00e4ytt\u00e4jist\u00e4.<br \/>\nN\u00e4iden tietojen avulla pyrimme parantamaan verkkosivustoamme ja kohdentamaan markkinointia onnistuneemmin. Ev\u00e4steet voi ottaa pois k\u00e4yt\u00f6st\u00e4 oman selaimesi asetuksista, jolloin k\u00e4ynti\u00e4si verkkosivustollamme ei voi seurata.<\/p>\n<\/div>\n<\/div>\n<\/div>\n<\/div>\n<\/div>\n<\/div>\n<\/div>\n<\/div>\n<\/section>\n<p>[\/vc_column_text][\/vc_column][\/vc_row]<\/p>\n","protected":false},"excerpt":{"rendered":"<p>[vc_row][vc_column][vc_column_text] 1. Rekisterin pit\u00e4j\u00e4 Yritys valvoo antamiasi tietoja ja on vastuussa henkil\u00f6tiedoista tietosuojalain mukaisesti. Yrityksen tiedot: Autoverkko.com Oy ja Autoverkko.com Korjaamo Oy (My\u00f6hemmin Autoverkko). Avainkierto 2, 05840 Hyvink\u00e4\u00e4. 2. Rekisteriasioista vastaava henkil\u00f6 ja\/tai yhteyshenkil\u00f6 Janne Veikkanen 3. Rekisterin nimi: Asiakasrekisteri 4. Oikeusperuste ja henkil\u00f6tietojen k\u00e4sittelyn tarkoitus EU:n yleisen tietosuoja-asetuksen mukainen oikeusperuste henkil\u00f6tietojen k\u00e4sittelylle on sopimuksen [&hellip;]<\/p>\n","protected":false},"author":1,"featured_media":0,"parent":0,"menu_order":0,"comment_status":"closed","ping_status":"closed","template":"","meta":{"_bbp_topic_count":0,"_bbp_reply_count":0,"_bbp_total_topic_count":0,"_bbp_total_reply_count":0,"_bbp_voice_count":0,"_bbp_anonymous_reply_count":0,"_bbp_topic_count_hidden":0,"_bbp_reply_count_hidden":0,"_bbp_forum_subforum_count":0,"footnotes":""},"yst_prominent_words":[],"class_list":["post-8537","page","type-page","status-publish","hentry"],"_links":{"self":[{"href":"http:\/\/31.217.192.134\/~autoverk\/wp-json\/wp\/v2\/pages\/8537","targetHints":{"allow":["GET"]}}],"collection":[{"href":"http:\/\/31.217.192.134\/~autoverk\/wp-json\/wp\/v2\/pages"}],"about":[{"href":"http:\/\/31.217.192.134\/~autoverk\/wp-json\/wp\/v2\/types\/page"}],"author":[{"embeddable":true,"href":"http:\/\/31.217.192.134\/~autoverk\/wp-json\/wp\/v2\/users\/1"}],"replies":[{"embeddable":true,"href":"http:\/\/31.217.192.134\/~autoverk\/wp-json\/wp\/v2\/comments?post=8537"}],"version-history":[{"count":2,"href":"http:\/\/31.217.192.134\/~autoverk\/wp-json\/wp\/v2\/pages\/8537\/revisions"}],"predecessor-version":[{"id":8539,"href":"http:\/\/31.217.192.134\/~autoverk\/wp-json\/wp\/v2\/pages\/8537\/revisions\/8539"}],"wp:attachment":[{"href":"http:\/\/31.217.192.134\/~autoverk\/wp-json\/wp\/v2\/media?parent=8537"}],"wp:term":[{"taxonomy":"yst_prominent_words","embeddable":true,"href":"http:\/\/31.217.192.134\/~autoverk\/wp-json\/wp\/v2\/yst_prominent_words?post=8537"}],"curies":[{"name":"wp","href":"https:\/\/api.w.org\/{rel}","templated":true}]}}